{"id":42,"date":"2025-02-16T11:20:07","date_gmt":"2025-02-16T11:20:07","guid":{"rendered":"https:\/\/tidy-tessier-ym.zipwp.xyz\/?page_id=42"},"modified":"2025-02-16T12:15:46","modified_gmt":"2025-02-16T12:15:46","slug":"home","status":"publish","type":"page","link":"https:\/\/toniburguera.com\/","title":{"rendered":"Home"},"content":{"rendered":"\n<div class=\"wp-block-uagb-container uagb-block-e2e96b7d alignfull uagb-is-root-container\"><div class=\"uagb-container-inner-blocks-wrap\">\n<div class=\"wp-block-uagb-container uagb-block-121a40ee\">\n<div class=\"wp-block-uagb-info-box uagb-block-986772dd uagb-infobox__content-wrap  uagb-infobox-icon-above-title uagb-infobox-image-valign-top\"><div class=\"uagb-ifb-content\"><div class=\"uagb-ifb-title-wrap\"><h1 class=\"uagb-ifb-title\">Impresiones de Alta Calidad<\/h1><\/div><p class=\"uagb-ifb-desc\">En Toni Burguera slu, transformamos tus ideas en impresionantes realidades. Nuestra experiencia de 30 a\u00f1os asegura un trabajo excepcional adaptado a tus necesidades.<\/p><div class=\"uagb-ifb-button-wrapper wp-block-button\"><a href=\"\/?page_id=46\" class=\"uagb-infobox-cta-link wp-block-button__link\" target=\"_self\" rel=\"noopener noreferrer\" onclick=\"return true;\"><span class=\"uagb-inline-editing\">Solicitar Presupuesto<\/span><\/a><\/div><\/div><\/div>\n<\/div>\n\n\n\n<div class=\"wp-block-uagb-container uagb-block-aaa809fe\">\n<div class=\"wp-block-uagb-image alignleft uagb-block-47275db5 wp-block-uagb-image--layout-default wp-block-uagb-image--effect-static wp-block-uagb-image--align-left aligncenter\"><figure class=\"wp-block-uagb-image__figure\"><img decoding=\"async\" srcset=\"https:\/\/toniburguera.com\/wp-content\/uploads\/2025\/02\/close-up-of-old-fashioned-printing-machinery-6620999.jpeg ,https:\/\/toniburguera.com\/wp-content\/uploads\/2025\/02\/close-up-of-old-fashioned-printing-machinery-6620999.jpeg 780w, https:\/\/toniburguera.com\/wp-content\/uploads\/2025\/02\/close-up-of-old-fashioned-printing-machinery-6620999.jpeg 360w\" sizes=\"auto, (max-width: 480px) 150px\" src=\"https:\/\/toniburguera.com\/wp-content\/uploads\/2025\/02\/close-up-of-old-fashioned-printing-machinery-6620999.jpeg\" alt=\"\" class=\"uag-image-1191\" width=\"544\" height=\"640\" title=\"\" loading=\"lazy\" role=\"img\"\/><\/figure><\/div>\n<\/div>\n<\/div><\/div>\n\n\n\n<div class=\"wp-block-uagb-container uagb-block-8f81e141 alignfull uagb-is-root-container\"><div class=\"uagb-container-inner-blocks-wrap\">\n<div class=\"wp-block-uagb-container uagb-block-3e2f60a3\">\n<div class=\"wp-block-uagb-advanced-heading uagb-block-d9657ecb\"><h2 class=\"uagb-heading-text\">Nuestros Servicios de Impresi\u00f3n<\/h2><\/div>\n\n\n\n<div class=\"wp-block-uagb-advanced-heading uagb-block-b2f11818\"><p class=\"uagb-heading-text\">Ofrecemos una amplia gama de servicios para satisfacer tus necesidades de impresi\u00f3n. Descubre c\u00f3mo podemos ayudarte a destacar con calidad y profesionalismo.<\/p><\/div>\n<\/div>\n\n\n\n<div class=\"wp-block-uagb-separator uagb-block-23638415\"><div class=\"uagb-separator-spacing-wrapper\"><div class=\"wp-block-uagb-separator__inner\" style=\"--my-background-image:\"><\/div><\/div><\/div>\n\n\n\n<div class=\"wp-block-uagb-container uagb-block-dcb0b6dc\">\n<div class=\"wp-block-uagb-info-box uagb-block-cbc4cd0c uagb-infobox__content-wrap  uagb-infobox-icon-above-title uagb-infobox-image-valign-top\"><div class=\"uagb-ifb-content\"><div class=\"uagb-ifb-title-wrap\"><p class=\"uagb-ifb-title-prefix\">01.<\/p><h3 class=\"uagb-ifb-title\">Impresi\u00f3n Digital<\/h3><\/div><p class=\"uagb-ifb-desc\">Impresi\u00f3n digital de alta calidad, ideal para peque\u00f1os tirajes y proyectos personalizados, con colores vibrantes y resultados extraordinarios.<\/p><div class=\"uagb-ifb-button-wrapper wp-block-button\"><a href=\"?page_id=45\" target=\"_self\" onclick=\"return true;\" class=\"uagb-infobox-cta-link\" rel=\"noopener noreferrer\"><span class=\"uagb-inline-editing\">Aprender M\u00e1s<\/span><\/a><\/div><\/div><\/div>\n\n\n\n<div class=\"wp-block-uagb-info-box uagb-block-20193b63 uagb-infobox__content-wrap  uagb-infobox-icon-above-title uagb-infobox-image-valign-top\"><div class=\"uagb-ifb-content\"><div class=\"uagb-ifb-title-wrap\"><span class=\"uagb-ifb-title-prefix\">02.<\/span><h3 class=\"uagb-ifb-title\">Impresi\u00f3n Offset<\/h3><\/div><p class=\"uagb-ifb-desc\">Impresi\u00f3n offset, perfecta para grandes tiradas manteniendo un coste efectivo y una calidad constante en cada entrega.<\/p><div class=\"uagb-ifb-button-wrapper wp-block-button\"><a href=\"?page_id=45\" target=\"_self\" onclick=\"return true;\" class=\"uagb-infobox-cta-link\" rel=\"noopener noreferrer\"><span class=\"uagb-inline-editing\">Aprender M\u00e1s<\/span><\/a><\/div><\/div><\/div>\n\n\n\n<div class=\"wp-block-uagb-info-box uagb-block-bf5e4139 uagb-infobox__content-wrap  uagb-infobox-icon-above-title uagb-infobox-image-valign-top\"><div class=\"uagb-ifb-content\"><div class=\"uagb-ifb-title-wrap\"><span class=\"uagb-ifb-title-prefix\">03.<\/span><h3 class=\"uagb-ifb-title\">Dise\u00f1o Gr\u00e1fico<\/h3><\/div><p class=\"uagb-ifb-desc\">Dise\u00f1o gr\u00e1fico profesional que complementa nuestros servicios de impresi\u00f3n, asegurando una comunicaci\u00f3n visual impactante y efectiva.<\/p><div class=\"uagb-ifb-button-wrapper wp-block-button\"><a href=\"?page_id=45\" target=\"_self\" onclick=\"return true;\" class=\"uagb-infobox-cta-link\" rel=\"noopener noreferrer\"><span class=\"uagb-inline-editing\">Aprender M\u00e1s<\/span><\/a><\/div><\/div><\/div>\n<\/div>\n\n\n\n<div class=\"wp-block-uagb-container uagb-block-17d2a4fe\">\n<div class=\"wp-block-uagb-advanced-heading uagb-block-9b244cbe\"><h4 class=\"uagb-heading-text\">Transforma tus ideas en impresiones impactantes hoy mismo<\/h4><\/div>\n\n\n\n<div class=\"wp-block-uagb-buttons uagb-buttons__outer-wrap uagb-btn__default-btn uagb-btn-tablet__default-btn uagb-btn-mobile__default-btn uagb-block-94a3ef47\"><div class=\"uagb-buttons__wrap uagb-buttons-layout-wrap \">\n<div class=\"wp-block-uagb-buttons-child uagb-buttons__outer-wrap uagb-block-5b7f17d1 wp-block-button\"><div class=\"uagb-button__wrapper\"><a class=\"uagb-buttons-repeater wp-block-button__link\" aria-label=\"\" href=\"?page_id=46\" rel=\"follow noopener\" target=\"_self\" role=\"button\"><div class=\"uagb-button__link\">Solicitar Presupuesto<\/div><\/a><\/div><\/div>\n<\/div><\/div>\n<\/div>\n<\/div><\/div>\n\n\n\n<div class=\"wp-block-uagb-container uagb-block-55151016 alignfull uagb-is-root-container\"><div class=\"uagb-container-inner-blocks-wrap\">\n<div class=\"wp-block-uagb-container uagb-block-12a22e88\">\n<div class=\"wp-block-uagb-image alignleft uagb-block-cf9a15f6 wp-block-uagb-image--layout-default wp-block-uagb-image--effect-static wp-block-uagb-image--align-left\"><figure class=\"wp-block-uagb-image__figure\"><img decoding=\"async\" srcset=\"https:\/\/toniburguera.com\/wp-content\/uploads\/2025\/02\/black-computer-keyboard-on-brown-wooden-table-8715537.jpeg ,https:\/\/toniburguera.com\/wp-content\/uploads\/2025\/02\/black-computer-keyboard-on-brown-wooden-table-8715537.jpeg 780w, https:\/\/toniburguera.com\/wp-content\/uploads\/2025\/02\/black-computer-keyboard-on-brown-wooden-table-8715537.jpeg 360w\" sizes=\"auto, (max-width: 480px) 150px\" src=\"https:\/\/toniburguera.com\/wp-content\/uploads\/2025\/02\/black-computer-keyboard-on-brown-wooden-table-8715537.jpeg\" alt=\"\" class=\"uag-image-1189\" width=\"376\" height=\"420\" title=\"\" loading=\"lazy\" role=\"img\"\/><\/figure><\/div>\n\n\n\n<div class=\"wp-block-uagb-image alignright uagb-block-aba3f864 wp-block-uagb-image--layout-default wp-block-uagb-image--effect-static wp-block-uagb-image--align-right\"><figure class=\"wp-block-uagb-image__figure\"><img decoding=\"async\" srcset=\"https:\/\/toniburguera.com\/wp-content\/uploads\/2025\/02\/cabinet-drawers-with-various-vintage-letterpress-4140925.jpeg ,https:\/\/toniburguera.com\/wp-content\/uploads\/2025\/02\/cabinet-drawers-with-various-vintage-letterpress-4140925.jpeg 780w, https:\/\/toniburguera.com\/wp-content\/uploads\/2025\/02\/cabinet-drawers-with-various-vintage-letterpress-4140925.jpeg 360w\" sizes=\"auto, (max-width: 480px) 150px\" src=\"https:\/\/toniburguera.com\/wp-content\/uploads\/2025\/02\/cabinet-drawers-with-various-vintage-letterpress-4140925.jpeg\" alt=\"\" class=\"uag-image-1195\" width=\"376\" height=\"420\" title=\"\" loading=\"lazy\" role=\"img\"\/><\/figure><\/div>\n<\/div>\n\n\n\n<div class=\"wp-block-uagb-container uagb-block-8bce86bc\">\n<div class=\"wp-block-uagb-info-box uagb-block-17bf597f uagb-infobox__content-wrap  uagb-infobox-icon-above-title uagb-infobox-image-valign-top wp-block-uagb-info-box--has-margin\"><div class=\"uagb-infobox-margin-wrapper\"><div class=\"uagb-ifb-content\"><div class=\"uagb-ifb-title-wrap\"><h3 class=\"uagb-ifb-title\">M\u00e1s de 30 a\u00f1os de experiencia<\/h3><\/div><p class=\"uagb-ifb-desc\">Toni Burguera slu es una imprenta situada en Torrent que se dedica a ofrecer servicios de impresi\u00f3n de alta calidad. Con un enfoque en la innovaci\u00f3n y la adaptaci\u00f3n a las \u00faltimas tecnolog\u00edas, nos aseguramos de que cada uno de nuestros proyectos cumpla con los est\u00e1ndares m\u00e1s exigentes. Nuestro objetivo es satisfacer las necesidades de nuestros clientes, proporcionando soluciones personalizadas y eficientes. La pasi\u00f3n por nuestra labor nos impulsa a superar las expectativas en cada trabajo que realizamos.<\/p><div class=\"uagb-ifb-button-wrapper wp-block-button\"><a href=\"?page_id=44\" class=\"uagb-infobox-cta-link wp-block-button__link\" target=\"_self\" rel=\"noopener noreferrer\" onclick=\"return true;\"><span class=\"uagb-inline-editing\">Leer M\u00e1s<\/span><\/a><\/div><\/div><\/div><\/div>\n<\/div>\n<\/div><\/div>\n\n\n\n<div class=\"wp-block-uagb-container uagb-block-71b09a6d alignfull uagb-is-root-container\"><div class=\"uagb-container-inner-blocks-wrap\">\n<div class=\"wp-block-uagb-container uagb-block-d28de46a\">\n<div class=\"wp-block-uagb-image alignleft uagb-block-b0e6ecd7 wp-block-uagb-image--layout-default wp-block-uagb-image--effect-static wp-block-uagb-image--align-left\"><figure class=\"wp-block-uagb-image__figure\"><img decoding=\"async\" srcset=\"https:\/\/toniburguera.com\/wp-content\/uploads\/2025\/02\/close-up-of-stacks-of-color-swatches-11229780.jpeg , https:\/\/toniburguera.com\/wp-content\/uploads\/2025\/02\/close-up-of-stacks-of-color-swatches-11229780.jpeg 360w\" sizes=\"auto, (max-width: 480px) 150px\" src=\"https:\/\/toniburguera.com\/wp-content\/uploads\/2025\/02\/close-up-of-stacks-of-color-swatches-11229780.jpeg\" alt=\"\" class=\"uag-image-1192\" width=\"565\" height=\"640\" title=\"\" loading=\"lazy\" role=\"img\"\/><\/figure><\/div>\n<\/div>\n\n\n\n<div class=\"wp-block-uagb-container uagb-block-54a98149\">\n<div class=\"wp-block-uagb-advanced-heading uagb-block-af2ef0f1\"><h2 class=\"uagb-heading-text\">Lo que nos hace \u00fanicos<\/h2><p class=\"uagb-desc-text\">En Toni Burguera slu, ofrecemos algo m\u00e1s que impresiones. Descubre nuestras propuestas de valor \u00fanicas que nos diferencian en el mercado.<\/p><div class=\"uagb-separator\"><\/div><\/div>\n\n\n\n<div class=\"wp-block-uagb-advanced-heading uagb-block-3f502f75\"><h3 class=\"uagb-heading-text\">Atenci\u00f3n Personalizada<\/h3><p class=\"uagb-desc-text\">Nos dedicamos a conocer las necesidades de cada cliente, proporcionando un servicio adaptado y asesoramiento experto en cada proyecto que emprendemos.<\/p><\/div>\n\n\n\n<div class=\"wp-block-uagb-advanced-heading uagb-block-b707cb09\"><h3 class=\"uagb-heading-text\">Tecnolog\u00eda de \u00daltima Generaci\u00f3n<\/h3><p class=\"uagb-desc-text\">Incorporamos las \u00faltimas innovaciones en impresi\u00f3n para ofrecer resultados de calidad superior que superen las expectativas de nuestros clientes.<\/p><\/div>\n<\/div>\n<\/div><\/div>\n\n\n\n<div class=\"wp-block-uagb-container uagb-block-b5f2dd4a alignfull uagb-is-root-container\"><div class=\"uagb-container-inner-blocks-wrap\">\n<div class=\"wp-block-uagb-container uagb-block-50082671\">\n<div class=\"wp-block-uagb-info-box uagb-block-8768d98f uagb-infobox__content-wrap  uagb-infobox-icon-above-title uagb-infobox-image-valign-top wp-block-uagb-info-box--has-margin\"><div class=\"uagb-infobox-margin-wrapper\"><div class=\"uagb-ifb-content\"><div class=\"uagb-ifb-title-wrap\"><h2 class=\"uagb-ifb-title\">\u00bfListo para empezar?<\/h2><\/div><p class=\"uagb-ifb-desc\">Cont\u00e1ctanos hoy para obtener un presupuesto personalizado y descubre c\u00f3mo podemos ayudarte a llevar tus ideas a la realidad.<\/p><div class=\"uagb-ifb-button-wrapper wp-block-button\"><a href=\"\/contact\/\" class=\"uagb-infobox-cta-link wp-block-button__link\" target=\"_self\" rel=\"noopener noreferrer\" onclick=\"return true;\"><span class=\"uagb-inline-editing\">Solicitar Presupuesto<\/span><\/a><\/div><\/div><\/div><\/div>\n<\/div>\n<\/div><\/div>\n","protected":false},"excerpt":{"rendered":"<p>Nuestros Servicios de Impresi\u00f3n Ofrecemos una amplia gama de servicios para satisfacer tus necesidades de impresi\u00f3n. Descubre c\u00f3mo podemos ayudarte [&hellip;]<\/p>\n","protected":false},"author":6,"featured_media":0,"parent":0,"menu_order":0,"comment_status":"closed","ping_status":"closed","template":"","meta":{"_uag_custom_page_level_css":"","site-sidebar-layout":"default","site-content-layout":"plain-container","ast-site-content-layout":"default","site-content-style":"default","site-sidebar-style":"default","ast-global-header-display":"","ast-banner-title-visibility":"","ast-main-header-display":"","ast-hfb-above-header-display":"","ast-hfb-below-header-display":"","ast-hfb-mobile-header-display":"","site-post-title":"disabled","ast-breadcrumbs-content":"","ast-featured-img":"","footer-sml-layout":"","ast-disable-related-posts":"","theme-transparent-header-meta":"default","adv-header-id-meta":"","stick-header-meta":"","header-above-stick-meta":"","header-main-stick-meta":"","header-below-stick-meta":"","astra-migrate-meta-layouts":"set","ast-page-background-enabled":"default","ast-page-background-meta":{"desktop":{"background-color":"var(--ast-global-color-4)","background-image":"","background-repeat":"repeat","background-position":"center center","background-size":"auto","background-attachment":"scroll","background-type":"","background-media":"","overlay-type":"","overlay-color":"","overlay-opacity":"","overlay-gradient":""},"tablet":{"background-color":"","background-image":"","background-repeat":"repeat","background-position":"center center","background-size":"auto","background-attachment":"scroll","background-type":"","background-media":"","overlay-type":"","overlay-color":"","overlay-opacity":"","overlay-gradient":""},"mobile":{"background-color":"","background-image":"","background-repeat":"repeat","background-position":"center center","background-size":"auto","background-attachment":"scroll","background-type":"","background-media":"","overlay-type":"","overlay-color":"","overlay-opacity":"","overlay-gradient":""}},"ast-content-background-meta":{"desktop":{"background-color":"var(--ast-global-color-5)","background-image":"","background-repeat":"repeat","background-position":"center center","background-size":"auto","background-attachment":"scroll","background-type":"","background-media":"","overlay-type":"","overlay-color":"","overlay-opacity":"","overlay-gradient":""},"tablet":{"background-color":"var(--ast-global-color-5)","background-image":"","background-repeat":"repeat","background-position":"center center","background-size":"auto","background-attachment":"scroll","background-type":"","background-media":"","overlay-type":"","overlay-color":"","overlay-opacity":"","overlay-gradient":""},"mobile":{"background-color":"var(--ast-global-color-5)","background-image":"","background-repeat":"repeat","background-position":"center center","background-size":"auto","background-attachment":"scroll","background-type":"","background-media":"","overlay-type":"","overlay-color":"","overlay-opacity":"","overlay-gradient":""}},"footnotes":""},"class_list":["post-42","page","type-page","status-publish","hentry"],"uagb_featured_image_src":{"full":false,"thumbnail":false,"medium":false,"medium_large":false,"large":false,"1536x1536":false,"2048x2048":false},"uagb_author_info":{"display_name":"Toni Burguera","author_link":"https:\/\/toniburguera.com\/?author=6"},"uagb_comment_info":0,"uagb_excerpt":"Nuestros Servicios de Impresi\u00f3n Ofrecemos una amplia gama de servicios para satisfacer tus necesidades de impresi\u00f3n. Descubre c\u00f3mo podemos ayudarte [&hellip;]","_links":{"self":[{"href":"https:\/\/toniburguera.com\/index.php?rest_route=\/wp\/v2\/pages\/42","targetHints":{"allow":["GET"]}}],"collection":[{"href":"https:\/\/toniburguera.com\/index.php?rest_route=\/wp\/v2\/pages"}],"about":[{"href":"https:\/\/toniburguera.com\/index.php?rest_route=\/wp\/v2\/types\/page"}],"author":[{"embeddable":true,"href":"https:\/\/toniburguera.com\/index.php?rest_route=\/wp\/v2\/users\/6"}],"replies":[{"embeddable":true,"href":"https:\/\/toniburguera.com\/index.php?rest_route=%2Fwp%2Fv2%2Fcomments&post=42"}],"version-history":[{"count":5,"href":"https:\/\/toniburguera.com\/index.php?rest_route=\/wp\/v2\/pages\/42\/revisions"}],"predecessor-version":[{"id":1226,"href":"https:\/\/toniburguera.com\/index.php?rest_route=\/wp\/v2\/pages\/42\/revisions\/1226"}],"wp:attachment":[{"href":"https:\/\/toniburguera.com\/index.php?rest_route=%2Fwp%2Fv2%2Fmedia&parent=42"}],"curies":[{"name":"wp","href":"https:\/\/api.w.org\/{rel}","templated":true}]}}