{"id":44,"date":"2025-02-16T11:20:08","date_gmt":"2025-02-16T11:20:08","guid":{"rendered":"https:\/\/tidy-tessier-ym.zipwp.xyz\/?page_id=44"},"modified":"2025-02-16T11:20:08","modified_gmt":"2025-02-16T11:20:08","slug":"about","status":"publish","type":"page","link":"https:\/\/toniburguera.com\/?page_id=44","title":{"rendered":"About"},"content":{"rendered":"\n<div class=\"wp-block-uagb-container uagb-block-c61f8af5 alignfull uagb-is-root-container\"><div class=\"uagb-container-inner-blocks-wrap\">\n<div class=\"wp-block-uagb-advanced-heading uagb-block-a9f61422\"><h1 class=\"uagb-heading-text\">Imprenta de Calidad<\/h1><\/div>\n<\/div><\/div>\n\n\n\n<div class=\"wp-block-uagb-container uagb-block-828d2bae alignfull uagb-is-root-container\"><div class=\"uagb-container-inner-blocks-wrap\">\n<div class=\"wp-block-uagb-advanced-heading uagb-block-f024830a\"><h2 class=\"uagb-heading-text\">Con 30 a\u00f1os de experiencia en el sector de las artes gr\u00e1ficas, nuestro equipo est\u00e1 compuesto por profesionales altamente cualificados. Nuestra trayectoria nos ha permitido adquirir el conocimiento necesario para afrontar retos cada vez m\u00e1s complejos y variados. Esto nos capacita para ofrecer un servicio excepcional que combina t\u00e9cnica y creatividad.<\/h2><\/div>\n\n\n\n<div class=\"wp-block-uagb-container uagb-block-bf9fc09d\">\n<div class=\"wp-block-uagb-container uagb-block-123b638b\">\n<div class=\"wp-block-uagb-image alignleft uagb-block-5cf4d5d4 wp-block-uagb-image--layout-default wp-block-uagb-image--effect-static wp-block-uagb-image--align-left\"><figure class=\"wp-block-uagb-image__figure\"><img decoding=\"async\" srcset=\"https:\/\/toniburguera.com\/wp-content\/uploads\/2025\/02\/black-computer-keyboard-on-brown-wooden-table-8715537.jpeg ,https:\/\/toniburguera.com\/wp-content\/uploads\/2025\/02\/black-computer-keyboard-on-brown-wooden-table-8715537.jpeg 780w, https:\/\/toniburguera.com\/wp-content\/uploads\/2025\/02\/black-computer-keyboard-on-brown-wooden-table-8715537.jpeg 360w\" sizes=\"auto, (max-width: 480px) 150px\" src=\"https:\/\/toniburguera.com\/wp-content\/uploads\/2025\/02\/black-computer-keyboard-on-brown-wooden-table-8715537.jpeg\" alt=\"\" class=\"uag-image-1189\" width=\"590\" height=\"400\" title=\"\" loading=\"lazy\" role=\"img\"\/><\/figure><\/div>\n<\/div>\n\n\n\n<div class=\"wp-block-uagb-container uagb-block-d65ea7f2\">\n<div class=\"wp-block-uagb-advanced-heading uagb-block-c7f4308f\"><p class=\"uagb-heading-text\">Nuestra motivaci\u00f3n radica en brindar un trato personalizado a cada cliente, convirtiendo sus ideas en realidad. Nos regimos por principios de compromiso, calidad y respeto, lo que nos permite construir relaciones duraderas y de confianza. Cada proyecto es una oportunidad para demostrar nuestra dedicaci\u00f3n y profesionalismo.<\/p><p class=\"uagb-desc-text\">A lo largo de los a\u00f1os, hemos trabajado con un amplio espectro de clientes, desde peque\u00f1as empresas locales hasta grandes corporaciones. Nuestro compromiso con la calidad nos ha permitido ganar la lealtad de nuestros clientes y ser un referente en el sector. Valoramos cada colaboraci\u00f3n y nos esforzamos por adaptarnos a las necesidades espec\u00edficas de cada uno.<\/p><\/div>\n<\/div>\n<\/div>\n<\/div><\/div>\n\n\n\n<div class=\"wp-block-uagb-container uagb-block-79cf241d alignfull uagb-is-root-container\"><div class=\"uagb-container-inner-blocks-wrap\">\n<div class=\"wp-block-uagb-advanced-heading uagb-block-5ad12d8d\"><h3 class=\"uagb-heading-text\">Transforma tus ideas en impresiones impactantes hoy mismo<\/h3><\/div>\n\n\n\n<div class=\"wp-block-uagb-buttons uagb-buttons__outer-wrap uagb-btn__default-btn uagb-btn-tablet__default-btn uagb-btn-mobile__default-btn uagb-block-d0d5ca1d\"><div class=\"uagb-buttons__wrap uagb-buttons-layout-wrap\">\n<div class=\"wp-block-uagb-buttons-child uagb-buttons__outer-wrap uagb-block-9f80772e wp-block-button\"><div class=\"uagb-button__wrapper\"><a class=\"uagb-buttons-repeater wp-block-button__link\" aria-label=\"\" href=\"contact\/\" rel=\"follow noopener\" target=\"_self\"><div class=\"uagb-button__link\">Solicitar Presupuesto<\/div><\/a><\/div><\/div>\n<\/div><\/div>\n<\/div><\/div>\n\n\n\n<div class=\"wp-block-uagb-container uagb-block-610697dd alignfull uagb-is-root-container\"><div class=\"uagb-container-inner-blocks-wrap\">\n<div class=\"wp-block-uagb-container uagb-block-69f37cc4\">\n<div class=\"wp-block-uagb-advanced-heading uagb-block-d05c151e\"><h2 class=\"uagb-heading-text\">Nuestros Valores<\/h2><p class=\"uagb-desc-text\">Conoce los principios que gu\u00edan nuestro trabajo y nuestra relaci\u00f3n con los clientes.<\/p><\/div>\n<\/div>\n\n\n\n<div class=\"wp-block-uagb-container uagb-block-ba2de339\">\n<div class=\"wp-block-uagb-container uagb-block-bc30d310\">\n<div class=\"wp-block-uagb-advanced-heading uagb-block-55582f47\"><h3 class=\"uagb-heading-text\">Compromiso<\/h3><p class=\"uagb-desc-text\">Nos comprometemos a brindar un servicio excepcional y a ser un socio confiable para nuestros clientes. Cada proyecto es tratado con la atenci\u00f3n y dedicaci\u00f3n que merece.<\/p><div class=\"uagb-separator\"><\/div><\/div>\n<\/div>\n\n\n\n<div class=\"wp-block-uagb-container uagb-block-f6ed2cec\">\n<div class=\"wp-block-uagb-advanced-heading uagb-block-84914ac1\"><h3 class=\"uagb-heading-text\">Calidad<\/h3><p class=\"uagb-desc-text\">La calidad es nuestra m\u00e1xima prioridad, garantizando resultados que superan las expectativas. Utilizamos materiales y t\u00e9cnicas de impresi\u00f3n de primera categor\u00eda.<\/p><div class=\"uagb-separator\"><\/div><\/div>\n<\/div>\n\n\n\n<div class=\"wp-block-uagb-container uagb-block-513ad3e0\">\n<div class=\"wp-block-uagb-advanced-heading uagb-block-90ff965c\"><h3 class=\"uagb-heading-text\">Innovaci\u00f3n<\/h3><p class=\"uagb-desc-text\">Nos mantenemos a la vanguardia de las \u00faltimas tecnolog\u00edas en el sector. Nuestra adaptaci\u00f3n continua nos permite ofrecer soluciones innovadoras que marcan la diferencia.<\/p><\/div>\n<\/div>\n<\/div>\n<\/div><\/div>\n\n\n\n<div class=\"wp-block-uagb-container uagb-block-b5f2dd4a alignfull uagb-is-root-container\"><div class=\"uagb-container-inner-blocks-wrap\">\n<div class=\"wp-block-uagb-container uagb-block-50082671\">\n<div class=\"wp-block-uagb-info-box uagb-block-8768d98f uagb-infobox__content-wrap  uagb-infobox-icon-above-title uagb-infobox-image-valign-top wp-block-uagb-info-box--has-margin\"><div class=\"uagb-infobox-margin-wrapper\"><div class=\"uagb-ifb-content\"><div class=\"uagb-ifb-title-wrap\"><h2 class=\"uagb-ifb-title\">\u00bfListo para empezar?<\/h2><\/div><p class=\"uagb-ifb-desc\">Cont\u00e1ctanos hoy para obtener un presupuesto personalizado y descubre c\u00f3mo podemos ayudarte a llevar tus ideas a la realidad.<\/p><div class=\"uagb-ifb-button-wrapper wp-block-button\"><a href=\"\/contact\/\" class=\"uagb-infobox-cta-link wp-block-button__link\" target=\"_self\" rel=\"noopener noreferrer\" onclick=\"return true;\"><span class=\"uagb-inline-editing\">Solicitar Presupuesto<\/span><\/a><\/div><\/div><\/div><\/div>\n<\/div>\n<\/div><\/div>\n","protected":false},"excerpt":{"rendered":"<p>Imprenta de Calidad Con 30 a\u00f1os de experiencia en el sector de las artes gr\u00e1ficas, nuestro equipo est\u00e1 compuesto por [&hellip;]<\/p>\n","protected":false},"author":6,"featured_media":0,"parent":0,"menu_order":0,"comment_status":"closed","ping_status":"closed","template":"","meta":{"_uag_custom_page_level_css":"","site-sidebar-layout":"default","site-content-layout":"","ast-site-content-layout":"default","site-content-style":"default","site-sidebar-style":"default","ast-global-header-display":"","ast-banner-title-visibility":"","ast-main-header-display":"","ast-hfb-above-header-display":"","ast-hfb-below-header-display":"","ast-hfb-mobile-header-display":"","site-post-title":"disabled","ast-breadcrumbs-content":"","ast-featured-img":"","footer-sml-layout":"","ast-disable-related-posts":"","theme-transparent-header-meta":"default","adv-header-id-meta":"","stick-header-meta":"","header-above-stick-meta":"","header-main-stick-meta":"","header-below-stick-meta":"","astra-migrate-meta-layouts":"set","ast-page-background-enabled":"default","ast-page-background-meta":{"desktop":{"background-color":"var(--ast-global-color-4)","background-image":"","background-repeat":"repeat","background-position":"center center","background-size":"auto","background-attachment":"scroll","background-type":"","background-media":"","overlay-type":"","overlay-color":"","overlay-opacity":"","overlay-gradient":""},"tablet":{"background-color":"","background-image":"","background-repeat":"repeat","background-position":"center center","background-size":"auto","background-attachment":"scroll","background-type":"","background-media":"","overlay-type":"","overlay-color":"","overlay-opacity":"","overlay-gradient":""},"mobile":{"background-color":"","background-image":"","background-repeat":"repeat","background-position":"center center","background-size":"auto","background-attachment":"scroll","background-type":"","background-media":"","overlay-type":"","overlay-color":"","overlay-opacity":"","overlay-gradient":""}},"ast-content-background-meta":{"desktop":{"background-color":"var(--ast-global-color-5)","background-image":"","background-repeat":"repeat","background-position":"center center","background-size":"auto","background-attachment":"scroll","background-type":"","background-media":"","overlay-type":"","overlay-color":"","overlay-opacity":"","overlay-gradient":""},"tablet":{"background-color":"var(--ast-global-color-5)","background-image":"","background-repeat":"repeat","background-position":"center center","background-size":"auto","background-attachment":"scroll","background-type":"","background-media":"","overlay-type":"","overlay-color":"","overlay-opacity":"","overlay-gradient":""},"mobile":{"background-color":"var(--ast-global-color-5)","background-image":"","background-repeat":"repeat","background-position":"center center","background-size":"auto","background-attachment":"scroll","background-type":"","background-media":"","overlay-type":"","overlay-color":"","overlay-opacity":"","overlay-gradient":""}},"footnotes":""},"class_list":["post-44","page","type-page","status-publish","hentry"],"uagb_featured_image_src":{"full":false,"thumbnail":false,"medium":false,"medium_large":false,"large":false,"1536x1536":false,"2048x2048":false},"uagb_author_info":{"display_name":"Toni Burguera","author_link":"https:\/\/toniburguera.com\/?author=6"},"uagb_comment_info":0,"uagb_excerpt":"Imprenta de Calidad Con 30 a\u00f1os de experiencia en el sector de las artes gr\u00e1ficas, nuestro equipo est\u00e1 compuesto por [&hellip;]","_links":{"self":[{"href":"https:\/\/toniburguera.com\/index.php?rest_route=\/wp\/v2\/pages\/44","targetHints":{"allow":["GET"]}}],"collection":[{"href":"https:\/\/toniburguera.com\/index.php?rest_route=\/wp\/v2\/pages"}],"about":[{"href":"https:\/\/toniburguera.com\/index.php?rest_route=\/wp\/v2\/types\/page"}],"author":[{"embeddable":true,"href":"https:\/\/toniburguera.com\/index.php?rest_route=\/wp\/v2\/users\/6"}],"replies":[{"embeddable":true,"href":"https:\/\/toniburguera.com\/index.php?rest_route=%2Fwp%2Fv2%2Fcomments&post=44"}],"version-history":[{"count":1,"href":"https:\/\/toniburguera.com\/index.php?rest_route=\/wp\/v2\/pages\/44\/revisions"}],"predecessor-version":[{"id":1202,"href":"https:\/\/toniburguera.com\/index.php?rest_route=\/wp\/v2\/pages\/44\/revisions\/1202"}],"wp:attachment":[{"href":"https:\/\/toniburguera.com\/index.php?rest_route=%2Fwp%2Fv2%2Fmedia&parent=44"}],"curies":[{"name":"wp","href":"https:\/\/api.w.org\/{rel}","templated":true}]}}